{"id":3785,"date":"2026-04-11T08:19:25","date_gmt":"2026-04-11T08:19:25","guid":{"rendered":"https:\/\/daniellavst.com\/kryptowaehrung\/"},"modified":"2026-04-11T20:12:56","modified_gmt":"2026-04-11T20:12:56","slug":"kryptowaehrung","status":"publish","type":"page","link":"https:\/\/daniellavst.com\/de\/kryptowaehrung\/","title":{"rendered":"Kryptow\u00e4hrung"},"content":{"rendered":"\t\t<div data-elementor-type=\"wp-page\" data-elementor-id=\"3785\" class=\"elementor elementor-3785 elementor-3763\" data-elementor-post-type=\"page\">\n\t\t\t\t<div class=\"elementor-element elementor-element-2d9104bc e-flex e-con-boxed e-con e-parent\" data-id=\"2d9104bc\" data-element_type=\"container\" data-e-type=\"container\" data-settings=\"{&quot;background_background&quot;:&quot;classic&quot;,&quot;background_motion_fx_motion_fx_scrolling&quot;:&quot;yes&quot;,&quot;background_motion_fx_translateY_effect&quot;:&quot;yes&quot;,&quot;background_motion_fx_translateY_speed&quot;:{&quot;unit&quot;:&quot;px&quot;,&quot;size&quot;:1,&quot;sizes&quot;:[]},&quot;background_motion_fx_translateY_affectedRange&quot;:{&quot;unit&quot;:&quot;%&quot;,&quot;size&quot;:&quot;&quot;,&quot;sizes&quot;:{&quot;start&quot;:0,&quot;end&quot;:100}},&quot;background_motion_fx_devices&quot;:[&quot;desktop&quot;,&quot;tablet&quot;,&quot;mobile&quot;]}\">\n\t\t\t\t\t<div class=\"e-con-inner\">\n\t\t\t\t<div class=\"elementor-element elementor-element-5751ece7 elementor-invisible elementor-widget elementor-widget-heading\" data-id=\"5751ece7\" data-element_type=\"widget\" data-e-type=\"widget\" data-settings=\"{&quot;_animation&quot;:&quot;fadeInUp&quot;}\" data-widget_type=\"heading.default\">\n\t\t\t\t<div class=\"elementor-widget-container\">\n\t\t\t\t\t<h1 class=\"elementor-heading-title elementor-size-default\">Kaufen mit<\/h1>\t\t\t\t<\/div>\n\t\t\t\t<\/div>\n\t\t<div class=\"elementor-element elementor-element-ac37438 e-con-full e-flex e-con e-child\" data-id=\"ac37438\" data-element_type=\"container\" data-e-type=\"container\">\n\t\t\t\t<div class=\"elementor-element elementor-element-4b8bdbc elementor-invisible elementor-widget elementor-widget-heading\" data-id=\"4b8bdbc\" data-element_type=\"widget\" data-e-type=\"widget\" data-settings=\"{&quot;_animation&quot;:&quot;fadeInUp&quot;}\" data-widget_type=\"heading.default\">\n\t\t\t\t<div class=\"elementor-widget-container\">\n\t\t\t\t\t<h1 class=\"elementor-heading-title elementor-size-default\">Kryptow\u00e4hrung<\/h1>\t\t\t\t<\/div>\n\t\t\t\t<\/div>\n\t\t\t\t<div class=\"elementor-element elementor-element-2de52ac elementor-invisible elementor-widget elementor-widget-heading\" data-id=\"2de52ac\" data-element_type=\"widget\" data-e-type=\"widget\" data-settings=\"{&quot;_animation&quot;:&quot;fadeInUp&quot;}\" data-widget_type=\"heading.default\">\n\t\t\t\t<div class=\"elementor-widget-container\">\n\t\t\t\t\t<h1 class=\"elementor-heading-title elementor-size-default\">w\u00e4hrung<\/h1>\t\t\t\t<\/div>\n\t\t\t\t<\/div>\n\t\t\t\t<\/div>\n\t\t\t\t\t<\/div>\n\t\t\t\t<\/div>\n\t\t<div class=\"elementor-element elementor-element-38e6f81f e-con-full e-flex e-con e-parent\" data-id=\"38e6f81f\" data-element_type=\"container\" data-e-type=\"container\" data-settings=\"{&quot;background_background&quot;:&quot;classic&quot;,&quot;background_motion_fx_motion_fx_scrolling&quot;:&quot;yes&quot;,&quot;background_motion_fx_translateY_effect&quot;:&quot;yes&quot;,&quot;background_motion_fx_translateY_speed&quot;:{&quot;unit&quot;:&quot;px&quot;,&quot;size&quot;:6.2,&quot;sizes&quot;:[]},&quot;background_motion_fx_translateY_affectedRange&quot;:{&quot;unit&quot;:&quot;%&quot;,&quot;size&quot;:&quot;&quot;,&quot;sizes&quot;:{&quot;start&quot;:0,&quot;end&quot;:100}},&quot;background_motion_fx_devices&quot;:[&quot;desktop&quot;,&quot;tablet&quot;,&quot;mobile&quot;]}\">\n\t\t\t\t<\/div>\n\t\t<div class=\"elementor-element elementor-element-fc3c5b1 e-flex e-con-boxed e-con e-parent\" data-id=\"fc3c5b1\" data-element_type=\"container\" data-e-type=\"container\" data-settings=\"{&quot;background_background&quot;:&quot;classic&quot;}\">\n\t\t\t\t\t<div class=\"e-con-inner\">\n\t\t<div class=\"elementor-element elementor-element-d9d5e60 e-con-full e-flex e-con e-child\" data-id=\"d9d5e60\" data-element_type=\"container\" data-e-type=\"container\">\n\t\t\t\t<div class=\"elementor-element elementor-element-3a67cb6 elementor-widget elementor-widget-heading\" data-id=\"3a67cb6\" data-element_type=\"widget\" data-e-type=\"widget\" data-widget_type=\"heading.default\">\n\t\t\t\t<div class=\"elementor-widget-container\">\n\t\t\t\t\t<h1 class=\"elementor-heading-title elementor-size-default\">Verwandeln Sie Ihre Kryptow\u00e4hrung mit Vertrauen in Immobilien<\/h1>\t\t\t\t<\/div>\n\t\t\t\t<\/div>\n\t\t\t\t<div class=\"elementor-element elementor-element-0291c9e elementor-widget elementor-widget-text-editor\" data-id=\"0291c9e\" data-element_type=\"widget\" data-e-type=\"widget\" data-widget_type=\"text-editor.default\">\n\t\t\t\t<div class=\"elementor-widget-container\">\n\t\t\t\t\t\t\t\t\t<p>Wenn Sie Kryptow\u00e4hrung besitzen und \u00fcberlegen, in spanisches Immobilienverm\u00f6gen zu investieren, haben Sie wahrscheinlich bereits bemerkt, wie komplex dieser Prozess sein kann. Viele Investoren f\u00fchlen sich beim Online-Recherchieren sicher, aber oft gibt es eine Ebene, die Sie nicht sofort sehen \u2014 rechtliche, steuerliche und Compliance-Aspekte, die nicht sofort sichtbar sind. <\/p><p>Hier komme ich ins Spiel. Ich helfe meinen Kunden, das zu erkennen, was sie m\u00f6glicherweise selbst \u00fcbersehen w\u00fcrden, und begleite Sie sicher von digitalen Assets zu greifbaren, dauerhaften Ergebnissen. <\/p>\t\t\t\t\t\t\t\t<\/div>\n\t\t\t\t<\/div>\n\t\t\t\t<div class=\"elementor-element elementor-element-e7c97a6 elementor-widget elementor-widget-heading\" data-id=\"e7c97a6\" data-element_type=\"widget\" data-e-type=\"widget\" data-widget_type=\"heading.default\">\n\t\t\t\t<div class=\"elementor-widget-container\">\n\t\t\t\t\t<h2 class=\"elementor-heading-title elementor-size-default\">Wie ich Sie unterst\u00fctze<\/h2>\t\t\t\t<\/div>\n\t\t\t\t<\/div>\n\t\t\t\t<div class=\"elementor-element elementor-element-3922053 elementor-widget elementor-widget-heading\" data-id=\"3922053\" data-element_type=\"widget\" data-e-type=\"widget\" data-widget_type=\"heading.default\">\n\t\t\t\t<div class=\"elementor-widget-container\">\n\t\t\t\t\t<h2 class=\"elementor-heading-title elementor-size-default\">Von Digital zu Greifbar<\/h2>\t\t\t\t<\/div>\n\t\t\t\t<\/div>\n\t\t\t\t<div class=\"elementor-element elementor-element-84e37c6 elementor-widget elementor-widget-text-editor\" data-id=\"84e37c6\" data-element_type=\"widget\" data-e-type=\"widget\" data-widget_type=\"text-editor.default\">\n\t\t\t\t<div class=\"elementor-widget-container\">\n\t\t\t\t\t\t\t\t\t<p>Verwandeln Sie Ihre Kryptow\u00e4hrung in Immobilien, die Sie erleben und sch\u00e4tzen k\u00f6nnen sei es ein Eigenheim, ein Ferienhaus oder eine Investitionsm\u00f6glichkeit.<\/p>\t\t\t\t\t\t\t\t<\/div>\n\t\t\t\t<\/div>\n\t\t\t\t<div class=\"elementor-element elementor-element-766d42f elementor-widget elementor-widget-heading\" data-id=\"766d42f\" data-element_type=\"widget\" data-e-type=\"widget\" data-widget_type=\"heading.default\">\n\t\t\t\t<div class=\"elementor-widget-container\">\n\t\t\t\t\t<h2 class=\"elementor-heading-title elementor-size-default\">Sicherheit und Compliance<\/h2>\t\t\t\t<\/div>\n\t\t\t\t<\/div>\n\t\t\t\t<div class=\"elementor-element elementor-element-2af136f elementor-widget elementor-widget-text-editor\" data-id=\"2af136f\" data-element_type=\"widget\" data-e-type=\"widget\" data-widget_type=\"text-editor.default\">\n\t\t\t\t<div class=\"elementor-widget-container\">\n\t\t\t\t\t\t\t\t\t<p>Jede Transaktion entspricht den EU- und spanischen Vorschriften. Ich arbeite mit juristischen, finanziellen und steuerlichen Fachleuten zusammen, um sicherzustellen, dass Ihre Investition vollst\u00e4ndig legal und sicher ist. <\/p>\t\t\t\t\t\t\t\t<\/div>\n\t\t\t\t<\/div>\n\t\t\t\t<div class=\"elementor-element elementor-element-373d285 elementor-widget elementor-widget-heading\" data-id=\"373d285\" data-element_type=\"widget\" data-e-type=\"widget\" data-widget_type=\"heading.default\">\n\t\t\t\t<div class=\"elementor-widget-container\">\n\t\t\t\t\t<h2 class=\"elementor-heading-title elementor-size-default\">Klarheit und Vertrauen<\/h2>\t\t\t\t<\/div>\n\t\t\t\t<\/div>\n\t\t\t\t<div class=\"elementor-element elementor-element-85132c2 elementor-widget elementor-widget-text-editor\" data-id=\"85132c2\" data-element_type=\"widget\" data-e-type=\"widget\" data-widget_type=\"text-editor.default\">\n\t\t\t\t<div class=\"elementor-widget-container\">\n\t\t\t\t\t\t\t\t\t<p>Die Umwandlung von Krypto in Immobilien kann komplex sein. Ich begleite Sie Schritt f\u00fcr Schritt, sodass Sie jederzeit Transparenz, Sicherheit und Ruhe haben. <\/p>\t\t\t\t\t\t\t\t<\/div>\n\t\t\t\t<\/div>\n\t\t\t\t<div class=\"elementor-element elementor-element-e47ab3d elementor-widget elementor-widget-heading\" data-id=\"e47ab3d\" data-element_type=\"widget\" data-e-type=\"widget\" data-widget_type=\"heading.default\">\n\t\t\t\t<div class=\"elementor-widget-container\">\n\t\t\t\t\t<h2 class=\"elementor-heading-title elementor-size-default\">Globale M\u00f6glichkeiten, lokale Expertise<\/h2>\t\t\t\t<\/div>\n\t\t\t\t<\/div>\n\t\t\t\t<div class=\"elementor-element elementor-element-76620d0 elementor-widget elementor-widget-text-editor\" data-id=\"76620d0\" data-element_type=\"widget\" data-e-type=\"widget\" data-widget_type=\"text-editor.default\">\n\t\t\t\t<div class=\"elementor-widget-container\">\n\t\t\t\t\t\t\t\t\t<p>Krypto erm\u00f6glicht schnelle Entscheidungen weltweit, doch das Verst\u00e4ndnis des lokalen Marktes und der rechtlichen Rahmenbedingungen ist entscheidend. Ich gebe Ihnen fundierte Beratung, damit Sie mit Vertrauen handeln k\u00f6nnen. <\/p>\t\t\t\t\t\t\t\t<\/div>\n\t\t\t\t<\/div>\n\t\t\t\t<\/div>\n\t\t\t\t\t<\/div>\n\t\t\t\t<\/div>\n\t\t<div class=\"elementor-element elementor-element-4934824 e-flex e-con-boxed e-con e-parent\" data-id=\"4934824\" data-element_type=\"container\" data-e-type=\"container\" data-settings=\"{&quot;background_background&quot;:&quot;classic&quot;}\">\n\t\t\t\t\t<div class=\"e-con-inner\">\n\t\t<div class=\"elementor-element elementor-element-63eff79 e-con-full e-flex e-con e-child\" data-id=\"63eff79\" data-element_type=\"container\" data-e-type=\"container\">\n\t\t\t\t<div class=\"elementor-element elementor-element-a5e0d5a elementor-widget elementor-widget-heading\" data-id=\"a5e0d5a\" data-element_type=\"widget\" data-e-type=\"widget\" data-widget_type=\"heading.default\">\n\t\t\t\t<div class=\"elementor-widget-container\">\n\t\t\t\t\t<h2 class=\"elementor-heading-title elementor-size-default\">Warum mit mir arbeiten?<\/h2>\t\t\t\t<\/div>\n\t\t\t\t<\/div>\n\t\t\t\t<div class=\"elementor-element elementor-element-bb839ef elementor-widget elementor-widget-text-editor\" data-id=\"bb839ef\" data-element_type=\"widget\" data-e-type=\"widget\" data-widget_type=\"text-editor.default\">\n\t\t\t\t<div class=\"elementor-widget-container\">\n\t\t\t\t\t\t\t\t\t<p>Sie ben\u00f6tigen niemanden, der Ihnen sagt, was Sie bereits wissen. Sie brauchen jemanden, der Ihnen zeigt, was Sie noch nicht sehen, verborgene Risiken erkennt und dort Klarheit schafft, wo es wirklich z\u00e4hlt. <\/p><p>Ich gehe auf jede individuelle Situation ein und sorge daf\u00fcr, dass Ihre Investition gesch\u00fctzt, optimiert und in etwas Greifbares und Dauerhaftes verwandelt wird.<\/p>\t\t\t\t\t\t\t\t<\/div>\n\t\t\t\t<\/div>\n\t\t\t\t<\/div>\n\t\t\t\t\t<\/div>\n\t\t\t\t<\/div>\n\t\t\t\t<\/div>\n\t\t","protected":false},"excerpt":{"rendered":"<p>Kaufen mit Kryptow\u00e4hrung w\u00e4hrung Verwandeln Sie Ihre Kryptow\u00e4hrung mit Vertrauen in Immobilien Wenn Sie Kryptow\u00e4hrung besitzen und \u00fcberlegen, in spanisches Immobilienverm\u00f6gen zu investieren, haben Sie wahrscheinlich bereits bemerkt, wie komplex dieser Prozess sein kann. Viele Investoren f\u00fchlen sich beim Online-Recherchieren sicher, aber oft gibt es eine Ebene, die Sie nicht sofort sehen \u2014 rechtliche, steuerliche [&hellip;]<\/p>\n","protected":false},"author":1,"featured_media":0,"parent":0,"menu_order":0,"comment_status":"closed","ping_status":"closed","template":"elementor_header_footer","meta":{"footnotes":""},"class_list":["post-3785","page","type-page","status-publish","hentry"],"_links":{"self":[{"href":"https:\/\/daniellavst.com\/de\/wp-json\/wp\/v2\/pages\/3785","targetHints":{"allow":["GET"]}}],"collection":[{"href":"https:\/\/daniellavst.com\/de\/wp-json\/wp\/v2\/pages"}],"about":[{"href":"https:\/\/daniellavst.com\/de\/wp-json\/wp\/v2\/types\/page"}],"author":[{"embeddable":true,"href":"https:\/\/daniellavst.com\/de\/wp-json\/wp\/v2\/users\/1"}],"replies":[{"embeddable":true,"href":"https:\/\/daniellavst.com\/de\/wp-json\/wp\/v2\/comments?post=3785"}],"version-history":[{"count":1,"href":"https:\/\/daniellavst.com\/de\/wp-json\/wp\/v2\/pages\/3785\/revisions"}],"predecessor-version":[{"id":3786,"href":"https:\/\/daniellavst.com\/de\/wp-json\/wp\/v2\/pages\/3785\/revisions\/3786"}],"wp:attachment":[{"href":"https:\/\/daniellavst.com\/de\/wp-json\/wp\/v2\/media?parent=3785"}],"curies":[{"name":"wp","href":"https:\/\/api.w.org\/{rel}","templated":true}]}}